{"id":26,"date":"2016-02-12T08:13:33","date_gmt":"2016-02-12T08:13:33","guid":{"rendered":"http:\/\/demos.famethemes.com\/onepress\/?page_id=26"},"modified":"2022-05-18T04:21:38","modified_gmt":"2022-05-18T04:21:38","slug":"data-warehouse-bi","status":"publish","type":"page","link":"http:\/\/riotechz.com\/vi\/data-warehouse-bi\/","title":{"rendered":"Data Warehouse &#038; BI"},"content":{"rendered":"","protected":false},"excerpt":{"rendered":"<p>H\u1ec7 th\u1ed1ng Dashboard tr\u1ef1c quan sinh \u0111\u1ed9ng b\u00e1o c\u00e1o t\u00ecnh h\u00ecnh ho\u1ea1t \u0111\u1ed9ng s\u1ea3n xu\u1ea5t kinh doanh t\u1ee9c th\u00ec<\/p>\n","protected":false},"author":1,"featured_media":1492,"parent":0,"menu_order":0,"comment_status":"closed","ping_status":"closed","template":"","meta":{"footnotes":""},"class_list":["post-26","page","type-page","status-publish","has-post-thumbnail","hentry"],"_links":{"self":[{"href":"http:\/\/riotechz.com\/vi\/wp-json\/wp\/v2\/pages\/26","targetHints":{"allow":["GET"]}}],"collection":[{"href":"http:\/\/riotechz.com\/vi\/wp-json\/wp\/v2\/pages"}],"about":[{"href":"http:\/\/riotechz.com\/vi\/wp-json\/wp\/v2\/types\/page"}],"author":[{"embeddable":true,"href":"http:\/\/riotechz.com\/vi\/wp-json\/wp\/v2\/users\/1"}],"replies":[{"embeddable":true,"href":"http:\/\/riotechz.com\/vi\/wp-json\/wp\/v2\/comments?post=26"}],"version-history":[{"count":4,"href":"http:\/\/riotechz.com\/vi\/wp-json\/wp\/v2\/pages\/26\/revisions"}],"predecessor-version":[{"id":1743,"href":"http:\/\/riotechz.com\/vi\/wp-json\/wp\/v2\/pages\/26\/revisions\/1743"}],"wp:featuredmedia":[{"embeddable":true,"href":"http:\/\/riotechz.com\/vi\/wp-json\/wp\/v2\/media\/1492"}],"wp:attachment":[{"href":"http:\/\/riotechz.com\/vi\/wp-json\/wp\/v2\/media?parent=26"}],"curies":[{"name":"wp","href":"https:\/\/api.w.org\/{rel}","templated":true}]}}