{"id":22,"date":"2016-02-12T08:11:05","date_gmt":"2016-02-12T08:11:05","guid":{"rendered":"http:\/\/demos.famethemes.com\/onepress\/?page_id=22"},"modified":"2021-05-12T01:52:54","modified_gmt":"2021-05-12T01:52:54","slug":"our-vision","status":"publish","type":"page","link":"https:\/\/riotechz.com\/vi\/our-vision\/","title":{"rendered":"C\u00f4ng ty TNHH C\u00f4ng ngh\u1ec7 RIOTECHZ"},"content":{"rendered":"<p>C\u00f4ng ty RIOTECHZ \u0111\u01b0\u1ee3c th\u00e0nh l\u1eadp v\u1edbi nhi\u1ec1u th\u00e0nh vi\u00ean c\u00f3 nhi\u1ec1u n\u0103m kinh nghi\u1ec7m trong l\u0129nh v\u1ef1c t\u01b0 v\u1ea5n v\u00e0 tri\u1ec3n khai c\u00e1c h\u1ec7 th\u1ed1ng qu\u1ea3n l\u00fd doanh nghi\u1ec7p to\u00e0n di\u1ec7n: ERP \u2013 Enterprise Resource Planning, CRM \u2013 Customer Relationship Management, SCM \u2013 Supply Chain Management\u2026) cho nhi\u1ec1u doanh nghi\u1ec7p trong v\u00e0 ngo\u00e0i n\u01b0\u1edbc. T\u1eeb th\u1ef1c ti\u1ec5n tri\u1ec3n khai \u1edf nhi\u1ec1u d\u1ef1 \u00e1n kh\u00e1c nhau, TEAM RIOTECHZ hi\u1ec3u \u0111\u01b0\u1ee3c c\u00e1ch gi\u00fap kh\u00e1ch h\u00e0ng \u0111\u1ea1t \u0111\u01b0\u1ee3c m\u1ee5c ti\u00eau kinh doanh t\u1ed1t nh\u1ea5t cho gi\u00e1 tr\u1ecb \u0111\u1ea7u t\u01b0 c\u1ee7a kh\u00e1ch h\u00e0ng.<\/p>\n<p>\u0110\u1eb7c bi\u1ec7t vi\u1ec7c \u00e1p d\u1ee5ng gi\u1ea3i ph\u00e1p tracking b\u1eb1ng QRCode xuy\u00ean su\u1ed1t t\u1ea5t c\u1ea3 c\u00e1c ho\u1ea1t \u0111\u1ed9ng c\u1ee7a doanh nghi\u1ec7p t\u1eeb kh\u00e2u nh\u1eadp nguy\u00ean v\u1eadt li\u1ec7u \u0111\u1ea7u v\u00e0o \u0111\u1ebfn c\u1ea5p ph\u00e1t nguy\u00ean v\u1eadt li\u1ec7u cho s\u1ea3n xu\u1ea5t c\u1eadp, nh\u1eadt s\u1ea3n l\u01b0\u1ee3ng b\u00e1n th\u00e0nh ph\u1ea9m qua t\u1eebng c\u00f4ng \u0111o\u1ea1n \u0111\u1ebfn kh\u00e2u xu\u1ea5t h\u00e0ng l\u00ean Cont t\u1ea5t c\u1ea3 \u0111\u1ec1u \u0111\u01b0\u1ee3c th\u1ef1c hi\u1ec7n th\u00f4ng qua h\u1ec7 th\u1ed1ng ScanQR gi\u00fap m\u1ecdi b\u1ed9 ph\u1eadn \u0111\u1ec1u \u0111\u01b0\u1ee3c c\u1eadp nh\u1eadt s\u1ed1 li\u1ec7u li\u00ean t\u1ee5c, ch\u00ednh x\u00e1c. B\u00ean c\u1ea1nh \u0111\u00f3 h\u1ec7 th\u1ed1ng gi\u00fap truy nguy\u00ean ngu\u1ed3n g\u1ed1c s\u1ea3n ph\u1ea9m d\u1ec3 d\u00e0ng t\u1eeb th\u00e0nh ph\u1ea9m do t\u1ed5 n\u00e0o nh\u00e0 m\u00e1y n\u00e0o s\u1ea3n xu\u1ea5t \u0111\u1ebfn nguy\u00ean v\u1eadt li\u1ec7u \u0111\u01b0\u1ee3c cung c\u1ea5p b\u1edfi ai&#8230;<\/p>\n","protected":false},"excerpt":{"rendered":"<p>C\u00f4ng ty RIOTECHZ \u0111\u01b0\u1ee3c th\u00e0nh l\u1eadp v\u1edbi nhi\u1ec1u th\u00e0nh vi\u00ean c\u00f3 nhi\u1ec1u n\u0103m kinh nghi\u1ec7m trong l\u0129nh v\u1ef1c t\u01b0 v\u1ea5n v\u00e0 tri\u1ec3n khai c\u00e1c h\u1ec7 th\u1ed1ng qu\u1ea3n l\u00fd doanh nghi\u1ec7p to\u00e0n di\u1ec7n: ERP \u2013 Enterprise Resource Planning, CRM \u2013 Customer Relationship Management, SCM \u2013 Supply Chain Management\u2026) cho nhi\u1ec1u doanh nghi\u1ec7p trong v\u00e0 ngo\u00e0i n\u01b0\u1edbc. T\u1eeb th\u1ef1c ti\u1ec5n tri\u1ec3n khai \u1edf nhi\u1ec1u d\u1ef1 \u00e1n kh\u00e1c nhau, TEAM RIOTECHZ hi\u1ec3u \u0111\u01b0\u1ee3c c\u00e1ch gi\u00fap kh\u00e1ch h\u00e0ng \u0111\u1ea1t \u0111\u01b0\u1ee3c m\u1ee5c ti\u00eau kinh doanh t\u1ed1t nh\u1ea5t cho gi\u00e1 tr\u1ecb \u0111\u1ea7u t\u01b0 c\u1ee7a kh\u00e1ch h\u00e0ng.<\/p>\n","protected":false},"author":1,"featured_media":1466,"parent":0,"menu_order":0,"comment_status":"closed","ping_status":"closed","template":"","meta":{"footnotes":""},"class_list":["post-22","page","type-page","status-publish","has-post-thumbnail","hentry"],"_links":{"self":[{"href":"https:\/\/riotechz.com\/vi\/wp-json\/wp\/v2\/pages\/22","targetHints":{"allow":["GET"]}}],"collection":[{"href":"https:\/\/riotechz.com\/vi\/wp-json\/wp\/v2\/pages"}],"about":[{"href":"https:\/\/riotechz.com\/vi\/wp-json\/wp\/v2\/types\/page"}],"author":[{"embeddable":true,"href":"https:\/\/riotechz.com\/vi\/wp-json\/wp\/v2\/users\/1"}],"replies":[{"embeddable":true,"href":"https:\/\/riotechz.com\/vi\/wp-json\/wp\/v2\/comments?post=22"}],"version-history":[{"count":9,"href":"https:\/\/riotechz.com\/vi\/wp-json\/wp\/v2\/pages\/22\/revisions"}],"predecessor-version":[{"id":1581,"href":"https:\/\/riotechz.com\/vi\/wp-json\/wp\/v2\/pages\/22\/revisions\/1581"}],"wp:featuredmedia":[{"embeddable":true,"href":"https:\/\/riotechz.com\/vi\/wp-json\/wp\/v2\/media\/1466"}],"wp:attachment":[{"href":"https:\/\/riotechz.com\/vi\/wp-json\/wp\/v2\/media?parent=22"}],"curies":[{"name":"wp","href":"https:\/\/api.w.org\/{rel}","templated":true}]}}