{"id":23,"date":"2016-02-12T08:12:49","date_gmt":"2016-02-12T08:12:49","guid":{"rendered":"http:\/\/demos.famethemes.com\/onepress\/?page_id=23"},"modified":"2022-05-17T07:22:52","modified_gmt":"2022-05-17T07:22:52","slug":"erp-implementation","status":"publish","type":"page","link":"https:\/\/riotechz.com\/vi\/erp-implementation\/","title":{"rendered":"T\u01b0 v\u1ea5n v\u00e0 tri\u1ec3n khai ERP"},"content":{"rendered":"<p><img loading=\"lazy\" decoding=\"async\" class=\"alignnone  wp-image-1542\" src=\"http:\/\/riotechz.com\/wp-content\/uploads\/2021\/05\/ERP-Process-300x108.png\" alt=\"\" width=\"786\" height=\"283\" srcset=\"https:\/\/riotechz.com\/wp-content\/uploads\/2021\/05\/ERP-Process-300x108.png 300w, https:\/\/riotechz.com\/wp-content\/uploads\/2021\/05\/ERP-Process-1024x370.png 1024w, https:\/\/riotechz.com\/wp-content\/uploads\/2021\/05\/ERP-Process-768x277.png 768w, https:\/\/riotechz.com\/wp-content\/uploads\/2021\/05\/ERP-Process-1536x555.png 1536w, https:\/\/riotechz.com\/wp-content\/uploads\/2021\/05\/ERP-Process.png 1595w\" sizes=\"auto, (max-width: 786px) 100vw, 786px\" \/><\/p>\n<ul>\n<li>Th\u1ef1c hi\u1ec7n t\u01b0 v\u1ea5n v\u00e0 tri\u1ec3n khai theo ph\u01b0\u01a1ng ph\u00e1p BFO k\u1ebft h\u1ee3p th\u1ef1c ti\u1ec5n th\u00e0nh c\u00f4ng c\u1ee7a BFO.<\/li>\n<li>T\u01b0 v\u1ea5n v\u1ec1 m\u00f4 h\u00ecnh \u2013 c\u1ea5u tr\u00fac t\u1ed5ng th\u1ec3.<\/li>\n<li>Hu\u1ea5n luy\u1ec7n m\u00f4 th\u1ee9c cho ban l\u00e3nh \u0111\u1ea1o v\u00e0 \u0111\u1ed9i ng\u0169 n\u00f2ng c\u1ed1t \u0111\u1ec3 \u0111\u1ea3m b\u1ea3o \u1ee9ng d\u1ee5ng v\u00e0 khai th\u00e1c h\u1ec7 th\u1ed1ng ERP hi\u1ec7u qu\u1ea3.<\/li>\n<li>T\u01b0 v\u1ea5n quy tr\u00ecnh, ph\u00e2n t\u00edch thi\u1ebft k\u1ebf gi\u1ea3i ph\u00e1p \u2013 Qu\u1ea3n l\u00fd thay \u0111\u1ed5i.<\/li>\n<li>X\u00e2y d\u1ef1ng h\u1ec7 th\u1ed1ng, thu th\u1eadp Master data.<\/li>\n<li>Th\u1ef1c hi\u1ec7n \u0111\u00e0o t\u1ea1o KeyUser v\u00e0 ki\u1ec3m th\u1eed h\u1ec7 th\u1ed1ng (UAT \u2013 User Acceptant Test).<\/li>\n<li>Th\u1ef1c hi\u1ec7n \u0111\u00e0o t\u1ea1o ng\u01b0\u1eddi d\u00f9ng cu\u1ed1i (EndUsers).<\/li>\n<li>Th\u1ef1c hi\u1ec7n chuy\u1ec3n \u0111\u1ed5i Master data, s\u1ed1 d\u01b0 \u0111\u1ea7u k\u1ef3 v\u00e0 v\u1eadn h\u00e0nh<\/li>\n<\/ul>\n\n\n<p>Xem th\u00eam: <a href=\"http:\/\/riotechz.com\/phuong-phap-trien-khai-du-an-erp\/\">http:\/\/riotechz.com\/phuong-phap-trien-khai-du-an-erp\/<\/a><\/p>\n\n\n\n<p>T\u1ed5ng quan h\u1ec7 th\u1ed1ng BizforceOne: <a href=\"http:\/\/riotechz.com\/bizforceone-overview\/\">http:\/\/riotechz.com\/bizforceone-overview\/<\/a><\/p>\n","protected":false},"excerpt":{"rendered":"<p>Th\u1ef1c hi\u1ec7n t\u01b0 v\u1ea5n v\u00e0 tri\u1ec3n khai h\u1ec7 th\u1ed1ng qu\u1ea3n tr\u1ecb doanh nghi\u1ec7p theo ph\u01b0\u01a1ng ph\u00e1p BFO k\u1ebft h\u1ee3p th\u1ef1c ti\u1ec5n th\u00e0nh c\u00f4ng c\u1ee7a BFO.<\/p>\n","protected":false},"author":1,"featured_media":1487,"parent":0,"menu_order":0,"comment_status":"closed","ping_status":"closed","template":"","meta":{"footnotes":""},"class_list":["post-23","page","type-page","status-publish","has-post-thumbnail","hentry"],"_links":{"self":[{"href":"https:\/\/riotechz.com\/vi\/wp-json\/wp\/v2\/pages\/23","targetHints":{"allow":["GET"]}}],"collection":[{"href":"https:\/\/riotechz.com\/vi\/wp-json\/wp\/v2\/pages"}],"about":[{"href":"https:\/\/riotechz.com\/vi\/wp-json\/wp\/v2\/types\/page"}],"author":[{"embeddable":true,"href":"https:\/\/riotechz.com\/vi\/wp-json\/wp\/v2\/users\/1"}],"replies":[{"embeddable":true,"href":"https:\/\/riotechz.com\/vi\/wp-json\/wp\/v2\/comments?post=23"}],"version-history":[{"count":17,"href":"https:\/\/riotechz.com\/vi\/wp-json\/wp\/v2\/pages\/23\/revisions"}],"predecessor-version":[{"id":1731,"href":"https:\/\/riotechz.com\/vi\/wp-json\/wp\/v2\/pages\/23\/revisions\/1731"}],"wp:featuredmedia":[{"embeddable":true,"href":"https:\/\/riotechz.com\/vi\/wp-json\/wp\/v2\/media\/1487"}],"wp:attachment":[{"href":"https:\/\/riotechz.com\/vi\/wp-json\/wp\/v2\/media?parent=23"}],"curies":[{"name":"wp","href":"https:\/\/api.w.org\/{rel}","templated":true}]}}