{"id":24,"date":"2016-02-12T08:13:06","date_gmt":"2016-02-12T08:13:06","guid":{"rendered":"http:\/\/demos.famethemes.com\/onepress\/?page_id=24"},"modified":"2021-05-09T12:07:06","modified_gmt":"2021-05-09T12:07:06","slug":"erp-consulting-services","status":"publish","type":"page","link":"https:\/\/riotechz.com\/vi\/erp-consulting-services\/","title":{"rendered":"D\u1ecbch v\u1ee5 t\u01b0 v\u1ea5n ERP"},"content":{"rendered":"<h3><strong data-rich-text-format-boundary=\"true\">D\u1ecbch v\u1ee5 t\u01b0 v\u1ea5n ERP<\/strong><\/h3>\n<ul>\n<li>\u0110\u00e1nh gi\u00e1 t\u00ednh s\u1eb5n s\u00e0ng c\u1ee7a doanh nghi\u1ec7p tr\u01b0\u1edbc khi tri\u1ec3n khai ERP.<\/li>\n<li>\u0110\u00e1nh gi\u00e1 quy m\u00f4 v\u00e0 \u0111\u1ec1 xu\u1ea5t ph\u1ea1m vi \u1ee9ng d\u1ee5ng ERP.<\/li>\n<li>X\u00e2y d\u1ef1ng h\u1ed3 s\u01a1 y\u00eau c\u1ea7u \u0111\u1ed1i v\u1edbi h\u1ec7 th\u1ed1ng \u1ee9ng d\u1ee5ng ERP.<\/li>\n<li>X\u00e2y d\u1ef1ng v\u00e0 chu\u1ea9n b\u1ecb ng\u00e2n s\u00e1ch d\u1ef1 \u00e1n ERP.<\/li>\n<li>T\u01b0 v\u1ea5n t\u1ed5 ch\u1ee9c d\u1ef1 \u00e1n v\u00e0 ngu\u1ed3n l\u1ef1c chu\u1ea9n b\u1ecb cho d\u1ef1 \u00e1n tri\u1ec3n khai<\/li>\n<li>T\u01b0 v\u1ea5n gi\u00e1m s\u00e1t v\u00e0 tri\u1ec3n khai.<\/li>\n<\/ul>\n\n\n<h3 class=\"wp-block-heading\"><strong>D\u1ecbch v\u1ee5 b\u1ea3o tr\u00ec v\u1eadn h\u00e0nh h\u1ec7 th\u1ed1ng BFO ERP<\/strong><\/h3>\n\n\n\n<ul class=\"wp-block-list\"><li>Th\u1ef1c hi\u1ec7n ki\u1ec3m tra h\u1ec7 th\u1ed1ng BFO ERP \u0111\u1ecbnh k\u1ef3 theo ng\u00e0y, tu\u1ea7n, th\u00e1ng\u2026<\/li><li>H\u1ed7 tr\u1ee3 v\u00e0 h\u01b0\u1edbng d\u1eabn ng\u01b0\u1eddi d\u00f9ng x\u1eed l\u00fd issue trong qu\u00e1 tr\u00ecnh v\u1eadn h\u00e0nh h\u1ec7 th\u1ed1ng.<\/li><li>T\u01b0 v\u1ea5n x\u1eed l\u00fd c\u00e1c nghi\u1ec7p v\u1ee5 ph\u00e1t sinh.<\/li><li>C\u1ea3nh b\u00e1o c\u00e1c l\u1ed7i t\u01b0\u01a1ng t\u1ef1 x\u1ea3y ra \u0111\u1ec3 n\u00e2ng cao n\u0103ng su\u1ea5t v\u1eadn h\u00e0nh h\u1ec7 th\u1ed1ng.<\/li><\/ul>\n","protected":false},"excerpt":{"rendered":"<p>\u0110\u00e1nh gi\u00e1 t\u00ednh s\u1eb5n s\u00e0ng c\u1ee7a doanh nghi\u1ec7p tr\u01b0\u1edbc khi tri\u1ec3n khai ERP.<br \/>\n\u0110\u00e1nh gi\u00e1 quy m\u00f4 v\u00e0 \u0111\u1ec1 xu\u1ea5t ph\u1ea1m vi \u1ee9ng d\u1ee5ng ERP.<\/p>\n","protected":false},"author":1,"featured_media":1488,"parent":0,"menu_order":0,"comment_status":"closed","ping_status":"closed","template":"","meta":{"footnotes":""},"class_list":["post-24","page","type-page","status-publish","has-post-thumbnail","hentry"],"_links":{"self":[{"href":"https:\/\/riotechz.com\/vi\/wp-json\/wp\/v2\/pages\/24","targetHints":{"allow":["GET"]}}],"collection":[{"href":"https:\/\/riotechz.com\/vi\/wp-json\/wp\/v2\/pages"}],"about":[{"href":"https:\/\/riotechz.com\/vi\/wp-json\/wp\/v2\/types\/page"}],"author":[{"embeddable":true,"href":"https:\/\/riotechz.com\/vi\/wp-json\/wp\/v2\/users\/1"}],"replies":[{"embeddable":true,"href":"https:\/\/riotechz.com\/vi\/wp-json\/wp\/v2\/comments?post=24"}],"version-history":[{"count":6,"href":"https:\/\/riotechz.com\/vi\/wp-json\/wp\/v2\/pages\/24\/revisions"}],"predecessor-version":[{"id":1513,"href":"https:\/\/riotechz.com\/vi\/wp-json\/wp\/v2\/pages\/24\/revisions\/1513"}],"wp:featuredmedia":[{"embeddable":true,"href":"https:\/\/riotechz.com\/vi\/wp-json\/wp\/v2\/media\/1488"}],"wp:attachment":[{"href":"https:\/\/riotechz.com\/vi\/wp-json\/wp\/v2\/media?parent=24"}],"curies":[{"name":"wp","href":"https:\/\/api.w.org\/{rel}","templated":true}]}}