{"id":25,"date":"2016-02-12T08:13:22","date_gmt":"2016-02-12T08:13:22","guid":{"rendered":"http:\/\/demos.famethemes.com\/onepress\/?page_id=25"},"modified":"2022-05-18T04:12:04","modified_gmt":"2022-05-18T04:12:04","slug":"qr-system","status":"publish","type":"page","link":"https:\/\/riotechz.com\/vi\/qr-system\/","title":{"rendered":"Auto E-commerce System"},"content":{"rendered":"\n<figure class=\"wp-block-image size-full\"><img loading=\"lazy\" decoding=\"async\" width=\"660\" height=\"384\" src=\"https:\/\/riotechz.com\/wp-content\/uploads\/2022\/05\/thiet-ke-web-theo-chuan-di-dong-660x384-1.jpg\" alt=\"\" class=\"wp-image-1732\" srcset=\"https:\/\/riotechz.com\/wp-content\/uploads\/2022\/05\/thiet-ke-web-theo-chuan-di-dong-660x384-1.jpg 660w, https:\/\/riotechz.com\/wp-content\/uploads\/2022\/05\/thiet-ke-web-theo-chuan-di-dong-660x384-1-300x175.jpg 300w\" sizes=\"auto, (max-width: 660px) 100vw, 660px\" \/><\/figure>\n\n\n\n<p><strong>H\u1ec6 TH\u1ed0NG GI\u1ea2I PH\u00c1P TH\u01af\u01a0NG M\u1ea0I \u0110I\u1ec6N T\u1eec CHUY\u00caN BI\u1ec6T THEO Y\u00caU C\u1ea6U<\/strong><\/p>\n\n\n\n<p>Ch\u00fang t\u00f4i cung c\u1ea5p g\u00f3i gi\u1ea3i ph\u00e1p chuy\u00ean bi\u1ec7t \u2013 chuy\u00ean nghi\u1ec7p cho c\u00e1c c\u00f4ng ty, t\u1eadp \u0111o\u00e0n v\u00e0 s\u00e0n th\u01b0\u01a1ng m\u1ea1i \u0111i\u1ec7n t\u1eed \u0111\u1ec3 x\u00e2y d\u1ef1ng theo h\u1ec7 th\u1ed1ng ho\u1ea1t \u0111\u1ed9ng ri\u00eang bi\u1ec7t v\u00e0 hi\u1ec7u qu\u1ea3 cao:<\/p>\n\n\n\n<ul class=\"wp-block-list\"><li>H\u1ec7 th\u1ed1ng m\u1ea1nh m\u1ebd &#038; b\u1ea3o m\u1eadt.<\/li><li>Ph\u00e1t tri\u1ec3n t\u00ednh n\u0103ng \u0111\u1ed9c quy\u1ec1n theo y\u00eau c\u1ea7u.<\/li><li>X\u00e2y d\u1ef1ng team, b\u00e0n giao Sources Code v\u00e0 Training Sources Code.<\/li><li>H\u01b0\u1edbng d\u1eabn v\u1eadn h\u00e0nh, t\u01b0 v\u1ea5n marketing online.<\/li><li>K\u1ebft n\u1ed1i t\u1ea5t c\u1ea3 c\u00e1c ho\u1ea1t \u0111\u1ed9ng c\u00f3 s\u1eb5n c\u1ee7a c\u00f4ng ty \u0111\u1ec3 b\u1ea3o \u0111\u1ea3m v\u1eadn h\u00e0nh chuy\u00ean nghi\u1ec7p.<\/li><\/ul>\n\n\n\n<figure class=\"wp-block-image size-large\"><img loading=\"lazy\" decoding=\"async\" width=\"1024\" height=\"636\" src=\"https:\/\/riotechz.com\/wp-content\/uploads\/2022\/05\/Auto-Commerce-2-1024x636.png\" alt=\"\" class=\"wp-image-1733\" srcset=\"https:\/\/riotechz.com\/wp-content\/uploads\/2022\/05\/Auto-Commerce-2-1024x636.png 1024w, https:\/\/riotechz.com\/wp-content\/uploads\/2022\/05\/Auto-Commerce-2-300x186.png 300w, https:\/\/riotechz.com\/wp-content\/uploads\/2022\/05\/Auto-Commerce-2-768x477.png 768w, https:\/\/riotechz.com\/wp-content\/uploads\/2022\/05\/Auto-Commerce-2.png 1127w\" sizes=\"auto, (max-width: 1024px) 100vw, 1024px\" \/><\/figure>\n\n\n\n<p>B\u00ean c\u1ea1nh \u0111\u00f3 ch\u00fang t\u00f4i cung c\u1ea5p h\u1ec7 th\u1ed1ng qu\u1ea3n l\u00fd \u0111\u01a1n h\u00e0ng m\u1ea1nh m\u1ebd gi\u00fap c\u00f4ng ty t\u1ef1 \u0111\u1ed9ng h\u00f3a trong su\u1ed1t qu\u00e1 tr\u00ecnh b\u00e1n h\u00e0ng&#038; x\u1eed l\u00fd \u0111\u01a1n h\u00e0ng cho kh\u00e1ch. Ch\u00fang t\u00f4i cung c\u1ea5p h\u1ec7 th\u1ed1ng API m\u1ea1nh m\u1ebd k\u1ebft n\u1ed1i xuy\u00ean su\u1ed1t trong qu\u00e1 tr\u00ecnh ho\u1ea1t \u0111\u1ed9ng c\u1ee7a c\u00f4ng ty:<\/p>\n\n\n\n<ul class=\"wp-block-list\"><li>T\u00edch h\u1ee3p c\u1ed5ng thanh to\u00e1n<\/li><li>T\u00edch h\u1ee3p API \u0111\u01a1n v\u1ecb giao h\u00e0ng<\/li><li>T\u00edch h\u1ee3p API \u0111\u1ed3ng b\u1ed9 kho<\/li><li>T\u00edch h\u1ee3p API \u0111\u1ed3ng b\u1ed9 v\u1edbi h\u1ec7 th\u1ed1ng ph\u1ea7n m\u1ec1m ho\u1eb7c ERP c\u1ee7a c\u00f4ng ty<\/li><li>&#8230;<\/li><\/ul>\n","protected":false},"excerpt":{"rendered":"<p>Thi\u1ebft k\u1ebf Website Ecommerce &#038; x\u00e2y d\u1ef1ng h\u1ec7 th\u1ed1ng x\u1eed l\u00fd \u0111\u01a1n h\u00e0ng t\u1ef1 \u0111\u1ed9ng<\/p>\n","protected":false},"author":1,"featured_media":1727,"parent":0,"menu_order":0,"comment_status":"closed","ping_status":"closed","template":"","meta":{"footnotes":""},"class_list":["post-25","page","type-page","status-publish","has-post-thumbnail","hentry"],"_links":{"self":[{"href":"https:\/\/riotechz.com\/vi\/wp-json\/wp\/v2\/pages\/25","targetHints":{"allow":["GET"]}}],"collection":[{"href":"https:\/\/riotechz.com\/vi\/wp-json\/wp\/v2\/pages"}],"about":[{"href":"https:\/\/riotechz.com\/vi\/wp-json\/wp\/v2\/types\/page"}],"author":[{"embeddable":true,"href":"https:\/\/riotechz.com\/vi\/wp-json\/wp\/v2\/users\/1"}],"replies":[{"embeddable":true,"href":"https:\/\/riotechz.com\/vi\/wp-json\/wp\/v2\/comments?post=25"}],"version-history":[{"count":9,"href":"https:\/\/riotechz.com\/vi\/wp-json\/wp\/v2\/pages\/25\/revisions"}],"predecessor-version":[{"id":1741,"href":"https:\/\/riotechz.com\/vi\/wp-json\/wp\/v2\/pages\/25\/revisions\/1741"}],"wp:featuredmedia":[{"embeddable":true,"href":"https:\/\/riotechz.com\/vi\/wp-json\/wp\/v2\/media\/1727"}],"wp:attachment":[{"href":"https:\/\/riotechz.com\/vi\/wp-json\/wp\/v2\/media?parent=25"}],"curies":[{"name":"wp","href":"https:\/\/api.w.org\/{rel}","templated":true}]}}